{"id":10,"date":"2022-03-18T12:17:16","date_gmt":"2022-03-18T11:17:16","guid":{"rendered":"http:\/\/acje.asso.dz\/?page_id=10"},"modified":"2023-10-25T15:22:48","modified_gmt":"2023-10-25T14:22:48","slug":"ess-cooperative","status":"publish","type":"page","link":"https:\/\/acje.asso.dz\/index.php\/ess-cooperative\/","title":{"rendered":"Innovation sociale-ESS"},"content":{"rendered":"\n<div class=\"wp-block-media-text alignwide is-stacked-on-mobile is-vertically-aligned-top\" style=\"grid-template-columns:37% auto\"><figure class=\"wp-block-media-text__media\"><img loading=\"lazy\" decoding=\"async\" width=\"810\" height=\"540\" src=\"https:\/\/acje.asso.dz\/wp-content\/uploads\/2022\/03\/241043326_104518175301661_1003840636425042845_n.jpg\" alt=\"\" class=\"wp-image-195 size-full\" srcset=\"https:\/\/acje.asso.dz\/wp-content\/uploads\/2022\/03\/241043326_104518175301661_1003840636425042845_n.jpg 810w, https:\/\/acje.asso.dz\/wp-content\/uploads\/2022\/03\/241043326_104518175301661_1003840636425042845_n-300x200.jpg 300w, https:\/\/acje.asso.dz\/wp-content\/uploads\/2022\/03\/241043326_104518175301661_1003840636425042845_n-768x512.jpg 768w\" sizes=\"(max-width: 810px) 100vw, 810px\" \/><\/figure><div class=\"wp-block-media-text__content\">\n<p class=\"has-small-font-size\">L\u2019investissement sur le capital humain est d\u00e9terminant et constitue la cl\u00e9 de r\u00e9ussite des initiatives \u00e0 tous les niveaux surtout en vers nos publics fragiles du milieu rural. En effet, le projet s\u2019est particuli\u00e8rement investi a renforcer les capacit\u00e9s des femmes et des jeunes dans les domaines de la production et de la transformation des produits issus de l\u2019agriculture biologique, leur offrant la possibilit\u00e9 d&rsquo;initier &nbsp;des activit\u00e9s g\u00e9n\u00e9ratrices de revenus au sain d\u2019une dynamique coop\u00e9rative. &nbsp;<\/p>\n\n\n\n<p class=\"has-small-font-size\">Le projet propose \u00e0 un groupe de jeunes de femmes et de petits producteurs de se lancer dans un programme de formation a travers une m\u00e9thode p\u00e9dagogique active, en immersion dans des espaces am\u00e9nag\u00e9s et \u00e9quip\u00e9s (micro-ferme \/ laboratoire).<\/p>\n\n\n\n<p class=\"has-small-font-size\">Acc\u00e8s sur l\u2019agriculture biologique et respectueuse de l\u2019environnement,  notre programme de formation est d\u00e9velopp\u00e9, en collaboration avec des services de technicit\u00e9 et comp\u00e9tences pointus. Ce programme est ax\u00e9 sur des th\u00e9matiques visant \u00e0 am\u00e9liorer les pratiques de productions et de transformation, notamment en compr\u00e9hension et adoption des enjeux sanitaires, socio-\u00e9conomiques et environnementaux. &nbsp; <\/p>\n\n\n\n<p class=\"has-small-font-size\"><\/p>\n<\/div><\/div>\n\n\n\n<h2 class=\"has-text-align-left wp-block-heading\">Les formations<\/h2>\n\n\n\n<figure class=\"wp-block-image size-large is-resized\"><a href=\"https:\/\/acje.asso.dz\/wp-content\/uploads\/2022\/03\/274111179_148353157584829_8210081039389659981_n.jpg\"><img loading=\"lazy\" decoding=\"async\" src=\"https:\/\/acje.asso.dz\/wp-content\/uploads\/2022\/03\/274111179_148353157584829_8210081039389659981_n-1024x722.jpg\" alt=\"\" class=\"wp-image-167\" width=\"772\" height=\"545\" srcset=\"https:\/\/acje.asso.dz\/wp-content\/uploads\/2022\/03\/274111179_148353157584829_8210081039389659981_n-1024x722.jpg 1024w, https:\/\/acje.asso.dz\/wp-content\/uploads\/2022\/03\/274111179_148353157584829_8210081039389659981_n-300x211.jpg 300w, https:\/\/acje.asso.dz\/wp-content\/uploads\/2022\/03\/274111179_148353157584829_8210081039389659981_n-768x541.jpg 768w, https:\/\/acje.asso.dz\/wp-content\/uploads\/2022\/03\/274111179_148353157584829_8210081039389659981_n-1536x1083.jpg 1536w, https:\/\/acje.asso.dz\/wp-content\/uploads\/2022\/03\/274111179_148353157584829_8210081039389659981_n-1200x846.jpg 1200w, https:\/\/acje.asso.dz\/wp-content\/uploads\/2022\/03\/274111179_148353157584829_8210081039389659981_n.jpg 1772w\" sizes=\"(max-width: 772px) 100vw, 772px\" \/><\/a><\/figure>\n\n\n\n<div class=\"wp-block-media-text alignwide has-media-on-the-right is-stacked-on-mobile\" style=\"grid-template-columns:auto 46%\"><figure class=\"wp-block-media-text__media\"><a href=\"https:\/\/acje.asso.dz\/wp-content\/uploads\/2022\/03\/274935221_151101177310027_7144474677434432170_n.jpg\"><img loading=\"lazy\" decoding=\"async\" width=\"1024\" height=\"683\" src=\"https:\/\/acje.asso.dz\/wp-content\/uploads\/2022\/03\/274935221_151101177310027_7144474677434432170_n-1024x683.jpg\" alt=\"\" class=\"wp-image-163 size-full\" srcset=\"https:\/\/acje.asso.dz\/wp-content\/uploads\/2022\/03\/274935221_151101177310027_7144474677434432170_n-1024x683.jpg 1024w, https:\/\/acje.asso.dz\/wp-content\/uploads\/2022\/03\/274935221_151101177310027_7144474677434432170_n-300x200.jpg 300w, https:\/\/acje.asso.dz\/wp-content\/uploads\/2022\/03\/274935221_151101177310027_7144474677434432170_n-768x512.jpg 768w, https:\/\/acje.asso.dz\/wp-content\/uploads\/2022\/03\/274935221_151101177310027_7144474677434432170_n-1536x1024.jpg 1536w, https:\/\/acje.asso.dz\/wp-content\/uploads\/2022\/03\/274935221_151101177310027_7144474677434432170_n-1200x800.jpg 1200w, https:\/\/acje.asso.dz\/wp-content\/uploads\/2022\/03\/274935221_151101177310027_7144474677434432170_n-1980x1320.jpg 1980w, https:\/\/acje.asso.dz\/wp-content\/uploads\/2022\/03\/274935221_151101177310027_7144474677434432170_n.jpg 2048w\" sizes=\"(max-width: 1024px) 100vw, 1024px\" \/><\/a><\/figure><div class=\"wp-block-media-text__content\">\n<p class=\"has-small-font-size\"><strong>Formation \u00e0 la mise en place de projets d&rsquo;activit\u00e9s g\u00e9n\u00e9ratrices de revenus (AGR)<\/strong>  Les principaux syst\u00e8mes d\u2019organisation (coop\u00e9ratif, individuel, r\u00e9seau\u2026)<\/p>\n\n\n\n<p class=\"has-small-font-size\">Les diff\u00e9rents modes de fonctionnement. <\/p>\n\n\n\n<p class=\"has-small-font-size\">L\u2019\u00e9tude de faisabilit\u00e9 <\/p>\n\n\n\n<p class=\"has-small-font-size\">Les avantages et inconv\u00e9nients des diff\u00e9rents syst\u00e8mes <\/p>\n\n\n\n<p class=\"has-small-font-size\">Projet: Renforcer les capacit\u00e9s productives de femmes et de jeunes de Biziou en Alg\u00e9rie, par des ateliers agro-\u00e9cologiques et de valorisation de produits locaux. Port\u00e9 par <a href=\"https:\/\/www.facebook.com\/ACJE-Biziou-1503116846446092\/?__cft__[0]=AZXSNKKSv7RWnVbJakBuviJ8ntFQpVQ8NeqtxVpXDq64HqaBZPhVyMYUaYzed_HJphrN0Xhe9J6DRmHVyvZjA3FavV3E1RH7yZMcTKEAKgig113VqptZTEdCSpkDoAlBztqZHYWwqYZuDxbSLfn3HhIAV_deU1SxxnwPosSmho6ewQ&amp;__tn__=kK-R\">ACJE Biziou<\/a> soutenu par le fond Canadien des Initiatives locales.<\/p>\n<\/div><\/div>\n\n\n\n<div class=\"wp-block-media-text alignwide has-media-on-the-right is-stacked-on-mobile\"><figure class=\"wp-block-media-text__media\"><a href=\"https:\/\/acje.asso.dz\/wp-content\/uploads\/2022\/03\/274339114_149246854162126_6898866438845610093_n.jpg\"><img loading=\"lazy\" decoding=\"async\" width=\"1024\" height=\"683\" src=\"https:\/\/acje.asso.dz\/wp-content\/uploads\/2022\/03\/274339114_149246854162126_6898866438845610093_n-1024x683.jpg\" alt=\"\" class=\"wp-image-165 size-full\" srcset=\"https:\/\/acje.asso.dz\/wp-content\/uploads\/2022\/03\/274339114_149246854162126_6898866438845610093_n-1024x683.jpg 1024w, https:\/\/acje.asso.dz\/wp-content\/uploads\/2022\/03\/274339114_149246854162126_6898866438845610093_n-300x200.jpg 300w, https:\/\/acje.asso.dz\/wp-content\/uploads\/2022\/03\/274339114_149246854162126_6898866438845610093_n-768x512.jpg 768w, https:\/\/acje.asso.dz\/wp-content\/uploads\/2022\/03\/274339114_149246854162126_6898866438845610093_n-1536x1024.jpg 1536w, https:\/\/acje.asso.dz\/wp-content\/uploads\/2022\/03\/274339114_149246854162126_6898866438845610093_n-1200x800.jpg 1200w, https:\/\/acje.asso.dz\/wp-content\/uploads\/2022\/03\/274339114_149246854162126_6898866438845610093_n-1980x1320.jpg 1980w, https:\/\/acje.asso.dz\/wp-content\/uploads\/2022\/03\/274339114_149246854162126_6898866438845610093_n.jpg 2048w\" sizes=\"(max-width: 1024px) 100vw, 1024px\" \/><\/a><\/figure><div class=\"wp-block-media-text__content\">\n<p><strong>Cycle de formations sur l\u2019agro_\u00e9cologie.<\/strong> <\/p>\n\n\n\n<p>Immersion et partage d\u2019exp\u00e9riences.<\/p>\n\n\n\n<p>Espaces de culture en agro\u00e9cologie et permaculture.<\/p>\n\n\n\n<p>La planche en lasagnes.<\/p>\n\n\n\n<p>La planche de culture traditionnelle.<\/p>\n\n\n\n<p>La butte de culture <\/p>\n\n\n\n<p>La butte auto-fertile, <\/p>\n\n\n\n<p>Le paillage, <\/p>\n\n\n\n<p>La r\u00e9duction de l&rsquo;utilisation de l&rsquo;eau. <\/p>\n\n\n\n<p>Une formation nourrie et amand\u00e9e gr\u00e2ce l\u2019exp\u00e9rience d\u2019un pionnier de l\u2019agriculture biologique<\/p>\n<\/div><\/div>\n\n\n\n<p class=\"has-accent-color has-text-color has-large-font-size\"><strong>Transformation des fruits<\/strong><\/p>\n\n\n\n<div class=\"wp-block-media-text alignwide has-media-on-the-right is-stacked-on-mobile\"><figure class=\"wp-block-media-text__media\"><a href=\"https:\/\/acje.asso.dz\/wp-content\/uploads\/2022\/03\/271269638_139515341801944_5507834498911048023_n.jpg\"><img loading=\"lazy\" decoding=\"async\" width=\"1000\" height=\"1000\" src=\"https:\/\/acje.asso.dz\/wp-content\/uploads\/2022\/03\/271269638_139515341801944_5507834498911048023_n.jpg\" alt=\"\" class=\"wp-image-176 size-full\" srcset=\"https:\/\/acje.asso.dz\/wp-content\/uploads\/2022\/03\/271269638_139515341801944_5507834498911048023_n.jpg 1000w, https:\/\/acje.asso.dz\/wp-content\/uploads\/2022\/03\/271269638_139515341801944_5507834498911048023_n-300x300.jpg 300w, https:\/\/acje.asso.dz\/wp-content\/uploads\/2022\/03\/271269638_139515341801944_5507834498911048023_n-150x150.jpg 150w, https:\/\/acje.asso.dz\/wp-content\/uploads\/2022\/03\/271269638_139515341801944_5507834498911048023_n-768x768.jpg 768w\" sizes=\"(max-width: 1000px) 100vw, 1000px\" \/><\/a><\/figure><div class=\"wp-block-media-text__content\">\n<p class=\"has-small-font-size\">Une opportunit\u00e9 offerte par l\u2019ACJE Dans le cadre d&rsquo;un projet collectif ou individuel de diversification ou d&rsquo;un porteur de projet qui souhaite s&rsquo;investir dans une activit\u00e9 artisanale, l&rsquo;atelier de transformation de fruits en confitures et gel\u00e9es constitue une valeur sure.Savoir cr\u00e9er ses recettes originales, dans le respect des conditions d\u2019hygi\u00e8nes, utiliser au mieux les produits du moment, s&rsquo;\u00e9quiper en mat\u00e9riel professionnel, organiser son travail, ma\u00eetriser ses co\u00fbts, choisir ses circuits de commercialisation&#8230; voil\u00e0 quelques unes des comp\u00e9tences n\u00e9cessaires \u00e0 la r\u00e9ussite d&rsquo;une activit\u00e9 de transformation des fruits.A l&rsquo;issue de la formation, le stagiaire sera capable dans les r\u00e8gles d&rsquo;hygi\u00e8ne et de s\u00e9curit\u00e9.         Approvisionner, s\u00e9lectionner et pr\u00e9parer les ingr\u00e9dients pour la fabrication de confitures. Acqu\u00e9rir une pratique professionnelle sur la transformation des fruits.                       <a href=\"https:\/\/www.facebook.com\/hashtag\/fcil?__eep__=6&amp;__cft__[0]=AZVOTqYqIljZ83G4xgn4-XTZ0LiPc0jOQ348IXxFQYc_UkfYE0uDHPmMBIHWDE-kiddeg8UGyORZp77GJJ42zZSzueHsYNgZhNAxPmkozL12XXKlEd0-feGVa21i7ZoVWSK-k34qq9RLBb0z36X_yusql1hOzRmAPaT0Ikc3-TqZGw&amp;__tn__=*NK-R\">#FCIL<\/a><a href=\"https:\/\/www.facebook.com\/hashtag\/fondscanadadza?__eep__=6&amp;__cft__[0]=AZVOTqYqIljZ83G4xgn4-XTZ0LiPc0jOQ348IXxFQYc_UkfYE0uDHPmMBIHWDE-kiddeg8UGyORZp77GJJ42zZSzueHsYNgZhNAxPmkozL12XXKlEd0-feGVa21i7ZoVWSK-k34qq9RLBb0z36X_yusql1hOzRmAPaT0Ikc3-TqZGw&amp;__tn__=*NK-R\">#FondsCanadaDZA<\/a><a href=\"https:\/\/www.facebook.com\/ACJE-Biziou-1503116846446092\/?__cft__[0]=AZVOTqYqIljZ83G4xgn4-XTZ0LiPc0jOQ348IXxFQYc_UkfYE0uDHPmMBIHWDE-kiddeg8UGyORZp77GJJ42zZSzueHsYNgZhNAxPmkozL12XXKlEd0-feGVa21i7ZoVWSK-k34qq9RLBb0z36X_yusql1hOzRmAPaT0Ikc3-TqZGw&amp;__tn__=kK-R\">ACJE Biziou<\/a><\/p>\n<\/div><\/div>\n\n\n\n<div class=\"wp-block-columns is-layout-flex wp-container-core-columns-layout-1 wp-block-columns-is-layout-flex\">\n<div class=\"wp-block-column is-layout-flow wp-block-column-is-layout-flow\" style=\"flex-basis:100%\">\n<figure class=\"wp-block-gallery has-nested-images columns-default is-cropped wp-block-gallery-1 is-layout-flex wp-block-gallery-is-layout-flex\">\n<figure class=\"wp-block-image size-large\"><a href=\"https:\/\/acje.asso.dz\/wp-content\/uploads\/2022\/03\/247751937_417509503217301_7968397006274563094_n.jpg\"><img loading=\"lazy\" decoding=\"async\" width=\"724\" height=\"1024\" src=\"https:\/\/acje.asso.dz\/wp-content\/uploads\/2022\/03\/247751937_417509503217301_7968397006274563094_n-724x1024.jpg\" alt=\"\" class=\"wp-image-182\" srcset=\"https:\/\/acje.asso.dz\/wp-content\/uploads\/2022\/03\/247751937_417509503217301_7968397006274563094_n-724x1024.jpg 724w, https:\/\/acje.asso.dz\/wp-content\/uploads\/2022\/03\/247751937_417509503217301_7968397006274563094_n-212x300.jpg 212w, https:\/\/acje.asso.dz\/wp-content\/uploads\/2022\/03\/247751937_417509503217301_7968397006274563094_n-768x1086.jpg 768w, https:\/\/acje.asso.dz\/wp-content\/uploads\/2022\/03\/247751937_417509503217301_7968397006274563094_n-1086x1536.jpg 1086w, https:\/\/acje.asso.dz\/wp-content\/uploads\/2022\/03\/247751937_417509503217301_7968397006274563094_n-1200x1697.jpg 1200w, https:\/\/acje.asso.dz\/wp-content\/uploads\/2022\/03\/247751937_417509503217301_7968397006274563094_n.jpg 1425w\" sizes=\"(max-width: 724px) 100vw, 724px\" \/><\/a><\/figure>\n\n\n\n<figure class=\"wp-block-image size-large\"><a href=\"https:\/\/acje.asso.dz\/wp-content\/uploads\/2022\/03\/261228623_133022445784567_554960327349112827_n-2.jpg\"><img loading=\"lazy\" decoding=\"async\" width=\"520\" height=\"640\" src=\"https:\/\/acje.asso.dz\/wp-content\/uploads\/2022\/03\/261228623_133022445784567_554960327349112827_n-3.jpg\" alt=\"\" class=\"wp-image-189\" srcset=\"https:\/\/acje.asso.dz\/wp-content\/uploads\/2022\/03\/261228623_133022445784567_554960327349112827_n-3.jpg 520w, https:\/\/acje.asso.dz\/wp-content\/uploads\/2022\/03\/261228623_133022445784567_554960327349112827_n-3-244x300.jpg 244w\" sizes=\"(max-width: 520px) 100vw, 520px\" \/><\/a><\/figure>\n\n\n\n<figure class=\"wp-block-image size-large\"><a href=\"https:\/\/acje.asso.dz\/wp-content\/uploads\/2022\/03\/267060813_136494635437348_1272886339909544101_n.jpg\"><img loading=\"lazy\" decoding=\"async\" width=\"509\" height=\"720\" src=\"https:\/\/acje.asso.dz\/wp-content\/uploads\/2022\/03\/267060813_136494635437348_1272886339909544101_n-3.jpg\" alt=\"\" class=\"wp-image-190\" srcset=\"https:\/\/acje.asso.dz\/wp-content\/uploads\/2022\/03\/267060813_136494635437348_1272886339909544101_n-3.jpg 509w, https:\/\/acje.asso.dz\/wp-content\/uploads\/2022\/03\/267060813_136494635437348_1272886339909544101_n-3-212x300.jpg 212w\" sizes=\"(max-width: 509px) 100vw, 509px\" \/><\/a><\/figure>\n\n\n\n<figure class=\"wp-block-image size-large\"><a href=\"https:\/\/acje.asso.dz\/wp-content\/uploads\/2022\/03\/245928964_121759126910899_3499304669632456914_n.jpg\"><img loading=\"lazy\" decoding=\"async\" width=\"720\" height=\"1018\" src=\"https:\/\/acje.asso.dz\/wp-content\/uploads\/2022\/03\/245928964_121759126910899_3499304669632456914_n.jpg\" alt=\"\" class=\"wp-image-181\" srcset=\"https:\/\/acje.asso.dz\/wp-content\/uploads\/2022\/03\/245928964_121759126910899_3499304669632456914_n.jpg 720w, https:\/\/acje.asso.dz\/wp-content\/uploads\/2022\/03\/245928964_121759126910899_3499304669632456914_n-212x300.jpg 212w\" sizes=\"(max-width: 720px) 100vw, 720px\" \/><\/a><\/figure>\n<\/figure>\n<\/div>\n<\/div>\n\n\n\n<h2 class=\"wp-block-heading\"><\/h2>\n","protected":false},"excerpt":{"rendered":"<p>L\u2019investissement sur le capital humain est d\u00e9terminant et constitue la cl\u00e9 de r\u00e9ussite des initiatives \u00e0 tous les niveaux surtout en vers nos publics fragiles du milieu rural. En effet, le projet s\u2019est particuli\u00e8rement investi a renforcer les capacit\u00e9s des femmes et des jeunes dans les domaines de la production et de la transformation des [&hellip;]<\/p>\n","protected":false},"author":1,"featured_media":0,"parent":0,"menu_order":7,"comment_status":"closed","ping_status":"closed","template":"","meta":{"footnotes":""},"_links":{"self":[{"href":"https:\/\/acje.asso.dz\/index.php\/wp-json\/wp\/v2\/pages\/10"}],"collection":[{"href":"https:\/\/acje.asso.dz\/index.php\/wp-json\/wp\/v2\/pages"}],"about":[{"href":"https:\/\/acje.asso.dz\/index.php\/wp-json\/wp\/v2\/types\/page"}],"author":[{"embeddable":true,"href":"https:\/\/acje.asso.dz\/index.php\/wp-json\/wp\/v2\/users\/1"}],"replies":[{"embeddable":true,"href":"https:\/\/acje.asso.dz\/index.php\/wp-json\/wp\/v2\/comments?post=10"}],"version-history":[{"count":29,"href":"https:\/\/acje.asso.dz\/index.php\/wp-json\/wp\/v2\/pages\/10\/revisions"}],"predecessor-version":[{"id":411,"href":"https:\/\/acje.asso.dz\/index.php\/wp-json\/wp\/v2\/pages\/10\/revisions\/411"}],"wp:attachment":[{"href":"https:\/\/acje.asso.dz\/index.php\/wp-json\/wp\/v2\/media?parent=10"}],"curies":[{"name":"wp","href":"https:\/\/api.w.org\/{rel}","templated":true}]}}