{"id":2,"date":"2022-03-18T08:57:40","date_gmt":"2022-03-18T07:57:40","guid":{"rendered":"http:\/\/acje.asso.dz\/?page_id=2"},"modified":"2023-10-25T15:22:30","modified_gmt":"2023-10-25T14:22:30","slug":"sample-page","status":"publish","type":"page","link":"https:\/\/acje.asso.dz\/index.php\/sample-page\/","title":{"rendered":"Qui sommes nous?"},"content":{"rendered":"\n<p>         L\u2019ACJE est n\u00e9e de la volont\u00e9 d\u2019un groupe de parents et de jeunes du village de Biziou de s\u2019investir d\u2019avantage que nous le faisions \u00e0 travers l\u2019association des parents d\u2019\u00e9l\u00e8ves en direction de l\u2019enfance et de la jeunesse.                          Dans un premier temps, un programme d\u2019activit\u00e9s culturelles et artistique  p\u00e9riscolaire a \u00e9t\u00e9 construit. Il a vite d\u00e9bouch\u00e9 sur la conception d\u2019une formation pour jeunes encadreurs\/animateurs qui a re\u00e7u le soutien de professionnelle d\u2019associations partenaires.<\/p>\n\n\n\n<p>        Par leur volont\u00e9 et leur engagement ce groupe de jeunes repr\u00e9sente, aujourd\u2019hui, la cheville ouvri\u00e8re des projets que l\u2019association m\u00e8nent et d\u00e9veloppent avec les femmes, hommes et enfants de notre localit\u00e9.&nbsp; <\/p>\n\n\n\n<p>        Merci \u00e0 tous pour le travail et le soutien.<\/p>\n\n\n\n<p>..<\/p>\n\n\n\n<figure class=\"wp-block-gallery has-nested-images columns-default is-cropped wp-block-gallery-1 is-layout-flex wp-block-gallery-is-layout-flex\">\n<figure class=\"wp-block-image size-full\"><img loading=\"lazy\" decoding=\"async\" width=\"720\" height=\"540\" data-id=\"70\" src=\"https:\/\/acje.asso.dz\/wp-content\/uploads\/2022\/03\/Fichier-00478.jpg\" alt=\"\" class=\"wp-image-70\" srcset=\"https:\/\/acje.asso.dz\/wp-content\/uploads\/2022\/03\/Fichier-00478.jpg 720w, https:\/\/acje.asso.dz\/wp-content\/uploads\/2022\/03\/Fichier-00478-300x225.jpg 300w\" sizes=\"(max-width: 720px) 100vw, 720px\" \/><\/figure>\n\n\n\n<figure class=\"wp-block-image size-full\"><a href=\"https:\/\/acje.asso.dz\/wp-content\/uploads\/2022\/03\/Fichier-01475-scaled.jpg\"><img loading=\"lazy\" decoding=\"async\" width=\"2560\" height=\"1707\" data-id=\"78\" src=\"https:\/\/acje.asso.dz\/wp-content\/uploads\/2022\/03\/Fichier-01475-scaled.jpg\" alt=\"\" class=\"wp-image-78\" srcset=\"https:\/\/acje.asso.dz\/wp-content\/uploads\/2022\/03\/Fichier-01475-scaled.jpg 2560w, https:\/\/acje.asso.dz\/wp-content\/uploads\/2022\/03\/Fichier-01475-300x200.jpg 300w, https:\/\/acje.asso.dz\/wp-content\/uploads\/2022\/03\/Fichier-01475-1024x683.jpg 1024w, https:\/\/acje.asso.dz\/wp-content\/uploads\/2022\/03\/Fichier-01475-768x512.jpg 768w, https:\/\/acje.asso.dz\/wp-content\/uploads\/2022\/03\/Fichier-01475-1536x1024.jpg 1536w, https:\/\/acje.asso.dz\/wp-content\/uploads\/2022\/03\/Fichier-01475-2048x1365.jpg 2048w, https:\/\/acje.asso.dz\/wp-content\/uploads\/2022\/03\/Fichier-01475-1200x800.jpg 1200w, https:\/\/acje.asso.dz\/wp-content\/uploads\/2022\/03\/Fichier-01475-1980x1320.jpg 1980w\" sizes=\"(max-width: 2560px) 100vw, 2560px\" \/><\/a><\/figure>\n<\/figure>\n\n\n\n<blockquote class=\"wp-block-quote\"><p><\/p><\/blockquote>\n\n\n\n<p><\/p>\n","protected":false},"excerpt":{"rendered":"<p>L\u2019ACJE est n\u00e9e de la volont\u00e9 d\u2019un groupe de parents et de jeunes du village de Biziou de s\u2019investir d\u2019avantage que nous le faisions \u00e0 travers l\u2019association des parents d\u2019\u00e9l\u00e8ves en direction de l\u2019enfance et de la jeunesse. Dans un premier temps, un programme d\u2019activit\u00e9s culturelles et artistique p\u00e9riscolaire a \u00e9t\u00e9 construit. Il a vite [&hellip;]<\/p>\n","protected":false},"author":1,"featured_media":0,"parent":0,"menu_order":4,"comment_status":"closed","ping_status":"closed","template":"","meta":{"footnotes":""},"_links":{"self":[{"href":"https:\/\/acje.asso.dz\/index.php\/wp-json\/wp\/v2\/pages\/2"}],"collection":[{"href":"https:\/\/acje.asso.dz\/index.php\/wp-json\/wp\/v2\/pages"}],"about":[{"href":"https:\/\/acje.asso.dz\/index.php\/wp-json\/wp\/v2\/types\/page"}],"author":[{"embeddable":true,"href":"https:\/\/acje.asso.dz\/index.php\/wp-json\/wp\/v2\/users\/1"}],"replies":[{"embeddable":true,"href":"https:\/\/acje.asso.dz\/index.php\/wp-json\/wp\/v2\/comments?post=2"}],"version-history":[{"count":7,"href":"https:\/\/acje.asso.dz\/index.php\/wp-json\/wp\/v2\/pages\/2\/revisions"}],"predecessor-version":[{"id":215,"href":"https:\/\/acje.asso.dz\/index.php\/wp-json\/wp\/v2\/pages\/2\/revisions\/215"}],"wp:attachment":[{"href":"https:\/\/acje.asso.dz\/index.php\/wp-json\/wp\/v2\/media?parent=2"}],"curies":[{"name":"wp","href":"https:\/\/api.w.org\/{rel}","templated":true}]}}