{"id":455,"date":"2023-10-25T13:19:39","date_gmt":"2023-10-25T12:19:39","guid":{"rendered":"https:\/\/acje.asso.dz\/?page_id=455"},"modified":"2023-10-25T15:44:34","modified_gmt":"2023-10-25T14:44:34","slug":"la-ferme-experimentale-agroecologique","status":"publish","type":"page","link":"https:\/\/acje.asso.dz\/index.php\/la-ferme-experimentale-agroecologique\/","title":{"rendered":"La ferme exp\u00e9rimentale agro\u00e9cologique"},"content":{"rendered":"\n<p><\/p>\n\n\n\n<figure class=\"wp-block-image size-full\"><img loading=\"lazy\" decoding=\"async\" width=\"600\" height=\"270\" src=\"https:\/\/acje.asso.dz\/wp-content\/uploads\/2023\/10\/297264773_1465205883935539_7058785676397128575_n.jpg\" alt=\"\" class=\"wp-image-457\" srcset=\"https:\/\/acje.asso.dz\/wp-content\/uploads\/2023\/10\/297264773_1465205883935539_7058785676397128575_n.jpg 600w, https:\/\/acje.asso.dz\/wp-content\/uploads\/2023\/10\/297264773_1465205883935539_7058785676397128575_n-300x135.jpg 300w\" sizes=\"(max-width: 600px) 100vw, 600px\" \/><\/figure>\n\n\n\n<p>La ferme exp\u00e9rimentale agro\u00e9cologique est un lieu o\u00f9 l&rsquo;on pratique l&rsquo;agriculture en utilisant des m\u00e9thodes respectueuses de l&rsquo; environnement et de la biodiversit\u00e9. Elle vise \u00e0 cr\u00e9er un \u00e9cosyst\u00e8me agricole durable en favorisant la diversit\u00e9 des cultures, en utilisant des pratiques de conservation des sols et en \u00e9vitant l&rsquo;utilisation de produits chimiques.<\/p>\n\n\n\n<p>En plus d&rsquo;\u00eatre un lieu de production alimentaire, la ferme exp\u00e9rimentale agro\u00e9cologique est \u00e9galement un espace partag\u00e9 et de formation. Cela signifie qu&rsquo;elle est ouverte au public pour des visites \u00e9ducatives, des stages ou des formations sur les pratiques agricoles durables, et \u00e9ventuellement pour une adh\u00e9sion au groupe.<\/p>\n\n\n\n<p>Pour nous l&rsquo;espace est un excellent moyen de sensibiliser les gens \u00e0 l&rsquo;importance de l&rsquo;agriculture respectueuse de l&rsquo;environnement et de les former aux techniques agricoles durables. Elles sert \u00e9galement de laboratoire pour tester de nouvelles m\u00e9thodes et techniques agricoles, afin de trouver des solutions innovantes aux d\u00e9fis auxquels l&rsquo;agriculture est confront\u00e9e.<\/p>\n\n\n\n<h2 class=\"wp-block-heading has-accent-color has-text-color\">La semence<\/h2>\n\n\n\n<h6 class=\"wp-block-heading\">maillon&nbsp;<em>vital<\/em>&#8230; enjeux strat\u00e9giques&nbsp;<\/h6>\n\n\n\n<div class=\"wp-block-algori-image-video-slider-block-algori-image-video-slider dots-style-1-off-slide arrows-style-1-off-slide\" data-slick=\"{&quot;dots&quot;:true,&quot;arrows&quot;:true,&quot;autoplay&quot;:false,&quot;pauseOnFocus&quot;:false,&quot;rtl&quot;:false,&quot;vertical&quot;:false,&quot;fade&quot;:false,&quot;lazyLoad&quot;:false,&quot;centerMode&quot;:false,&quot;infinite&quot;:true,&quot;adaptiveHeight&quot;:true,&quot;speed&quot;:500,&quot;autoplaySpeed&quot;:3000,&quot;slidesToShow&quot;:1,&quot;slidesToScroll&quot;:1,&quot;rows&quot;:1,&quot;slidesPerRow&quot;:1}\"><div><figure class=\"algori-image-video-slider-slide-container\"><img decoding=\"async\" src=\"https:\/\/acje.asso.dz\/wp-content\/uploads\/2023\/10\/IMG20230522110616-scaled.jpg\" alt=\"\"\/><\/figure><\/div><div><figure class=\"algori-image-video-slider-slide-container\"><img decoding=\"async\" src=\"https:\/\/acje.asso.dz\/wp-content\/uploads\/2023\/10\/IMG20230720183137-scaled.jpg\" alt=\"\"\/><\/figure><\/div><div><figure class=\"algori-image-video-slider-slide-container\"><img decoding=\"async\" src=\"https:\/\/acje.asso.dz\/wp-content\/uploads\/2023\/10\/IMG20230621182157-scaled.jpg\" alt=\"\"\/><\/figure><\/div><div><figure class=\"algori-image-video-slider-slide-container\"><img decoding=\"async\" src=\"https:\/\/acje.asso.dz\/wp-content\/uploads\/2023\/10\/IMG20231003090734-scaled.jpg\" alt=\"\"\/><\/figure><\/div><div><figure class=\"algori-image-video-slider-slide-container\"><img decoding=\"async\" src=\"https:\/\/acje.asso.dz\/wp-content\/uploads\/2023\/10\/IMG20231003093000-scaled.jpg\" alt=\"\"\/><\/figure><\/div><div><figure class=\"algori-image-video-slider-slide-container\"><img decoding=\"async\" src=\"https:\/\/acje.asso.dz\/wp-content\/uploads\/2023\/10\/IMG20231002114709-scaled.jpg\" alt=\"\"\/><\/figure><\/div><\/div>\n\n\n\n<p>Les semences paysannes poss\u00e8dent un potentiel g\u00e9n\u00e9tique unique et pr\u00e9cieux. Au fil des g\u00e9n\u00e9rations, les agriculteurs ont s\u00e9lectionn\u00e9 et adapt\u00e9 ces semences en fonction des caract\u00e9ristiques souhait\u00e9es, telles que la r\u00e9sistance aux maladies, la tol\u00e9rance aux conditions climatiques difficiles, la productivit\u00e9 et la qualit\u00e9 des cultures.<\/p>\n\n\n\n<p>Les semences paysannes adapt\u00e9es jouent un r\u00f4le crucial dans la pr\u00e9servation de la biodiversit\u00e9 agricole et la r\u00e9silience des syst\u00e8mes alimentaires, l&rsquo;utilisation de ces semences  pr\u00e9sente plusieurs avantages. tout d&rsquo;abord, elles permettent aux agriculteurs de conserver leur ind\u00e9pendance et leur autonomie en mati\u00e8re de semences. Contrairement aux semences hybrides ou g\u00e9n\u00e9tiquement modifi\u00e9es, les semences paysannes reproductibles peuvent \u00eatre r\u00e9colt\u00e9es et replant\u00e9es. ces semences sont adapt\u00e9es aux conditions locales, ce qui les rend mieux adapt\u00e9es aux variations climatiques et aux caract\u00e9ristiques sp\u00e9cifiques des sols de la r\u00e9gion. Elles ont \u00e9t\u00e9 s\u00e9lectionn\u00e9es et cultiv\u00e9es par les agriculteurs locaux depuis des mill\u00e9naires. <\/p>\n\n\n\n<p>Au niveau de la ferme exp\u00e9rimentale agro\u00e9cologique un travail minutieux se fait sur les semences, ainsi plus de cent vari\u00e9t\u00e9s sont reproduites, sauvegard\u00e9es, multipli\u00e9es et enfin partag\u00e9es dans le r\u00e9seau de la ferme et de  l&rsquo;association <a href=\"http:\/\/www.acje.asso.dz\" data-type=\"link\" data-id=\"www.acje.asso.dz\">ACJE<\/a> (partenaire).<\/p>\n\n\n\n<h2 class=\"wp-block-heading has-accent-color has-text-color\">La formation<\/h2>\n\n\n\n<p>Mise en place en partenariat avec l&rsquo;association <a href=\"http:\/\/www.acje.asso.dz\" data-type=\"link\" data-id=\"www.acje.asso.dz\">ACJE<\/a>, Une immersion dans la vie de l\u2019agriculture paysanne au quotidien, vivez une journ\u00e9e ou plus en agro\u00e9cologie paysanne. Gr\u00e2ce \u00e0 l&rsquo;espace et au r\u00e9seau, la ferme vous propose des formations toute l\u2019ann\u00e9e pour vivre, partager, apprendre, la vie paysanne.   <\/p>\n\n\n\n<p>                                                                                                  Permaculture humaine (S\u00e9jour d&rsquo;immersion, et d\u00e9couverte)                                            Les semences\u00a0: S\u00e9lection, multiplication et r\u00e9colte des semences           L\u2019eau dans le jardin\u00a0: d\u00e9finition des besoins et des am\u00e9nagements adapt\u00e9s    Accueillir la biodiversit\u00e9                                                                              La fertilisation                                                                                                 Les espaces de culture                                                                                     Conduite d&rsquo;un potager en agro\u00e9cologie                                        Associations et rotation de cultures\u00a0                                                    Bouturage, greffage                                                                               Calendrier de culture, engrais verts, production l\u00e9gumi\u00e8re                          La transformation et conservation des produits                                                      \u00c9conomie solidaire                                                                                      &#8230; <\/p>\n\n\n\n<p> <\/p>\n\n\n\n<p><\/p>\n\n\n\n<p><\/p>\n\n\n\n<p><\/p>\n\n\n\n<div class=\"wp-block-algori-image-video-slider-block-algori-image-video-slider dots-style-1-off-slide arrows-style-1-off-slide\" data-slick=\"{&quot;dots&quot;:true,&quot;arrows&quot;:true,&quot;autoplay&quot;:false,&quot;pauseOnFocus&quot;:false,&quot;rtl&quot;:false,&quot;vertical&quot;:false,&quot;fade&quot;:false,&quot;lazyLoad&quot;:false,&quot;centerMode&quot;:false,&quot;infinite&quot;:true,&quot;adaptiveHeight&quot;:true,&quot;speed&quot;:500,&quot;autoplaySpeed&quot;:3000,&quot;slidesToShow&quot;:1,&quot;slidesToScroll&quot;:1,&quot;rows&quot;:1,&quot;slidesPerRow&quot;:1}\"><div><figure class=\"algori-image-video-slider-slide-container\"><img decoding=\"async\" src=\"https:\/\/acje.asso.dz\/wp-content\/uploads\/2023\/10\/7-scaled.jpg\" alt=\"\"\/><\/figure><\/div><div><figure class=\"algori-image-video-slider-slide-container\"><img decoding=\"async\" src=\"https:\/\/acje.asso.dz\/wp-content\/uploads\/2023\/10\/Fichier-02128-scaled.jpg\" alt=\"\"\/><\/figure><\/div><div><figure class=\"algori-image-video-slider-slide-container\"><img decoding=\"async\" src=\"https:\/\/acje.asso.dz\/wp-content\/uploads\/2023\/01\/ruche-6-scaled.jpg\" alt=\"\"\/><\/figure><\/div><div><figure class=\"algori-image-video-slider-slide-container\"><img decoding=\"async\" src=\"https:\/\/acje.asso.dz\/wp-content\/uploads\/2023\/10\/297264773_1465205883935539_7058785676397128575_n.jpg\" alt=\"\"\/><\/figure><\/div><div><figure class=\"algori-image-video-slider-slide-container\"><img decoding=\"async\" src=\"https:\/\/acje.asso.dz\/wp-content\/uploads\/2022\/03\/WhatsApp-Image-2022-03-25-at-11.18.10.jpeg\" alt=\"\"\/><\/figure><\/div><div><figure class=\"algori-image-video-slider-slide-container\"><img decoding=\"async\" src=\"https:\/\/acje.asso.dz\/wp-content\/uploads\/2023\/10\/IMG_4768-scaled.jpg\" alt=\"\"\/><\/figure><\/div><div><figure class=\"algori-image-video-slider-slide-container\"><img decoding=\"async\" src=\"https:\/\/acje.asso.dz\/wp-content\/uploads\/2023\/10\/IMG_5923-scaled.jpg\" alt=\"\"\/><\/figure><\/div><div><figure class=\"algori-image-video-slider-slide-container\"><img decoding=\"async\" src=\"https:\/\/acje.asso.dz\/wp-content\/uploads\/2023\/10\/IMG20211101163506-scaled.jpg\" alt=\"\"\/><\/figure><\/div><div><figure class=\"algori-image-video-slider-slide-container\"><img decoding=\"async\" src=\"https:\/\/acje.asso.dz\/wp-content\/uploads\/2023\/10\/IMG_5049-scaled.jpg\" alt=\"\"\/><\/figure><\/div><div><figure class=\"algori-image-video-slider-slide-container\"><img decoding=\"async\" src=\"https:\/\/acje.asso.dz\/wp-content\/uploads\/2023\/10\/Fichier-02104-scaled.jpg\" alt=\"\"\/><\/figure><\/div><div><figure class=\"algori-image-video-slider-slide-container\"><img decoding=\"async\" src=\"https:\/\/acje.asso.dz\/wp-content\/uploads\/2023\/10\/IMG_5688-scaled.jpg\" alt=\"\"\/><\/figure><\/div><div><figure class=\"algori-image-video-slider-slide-container\"><img decoding=\"async\" src=\"https:\/\/acje.asso.dz\/wp-content\/uploads\/2023\/01\/IMG_20230121_104936-1-scaled.jpg\" alt=\"\"\/><\/figure><\/div><div><figure class=\"algori-image-video-slider-slide-container\"><img decoding=\"async\" src=\"https:\/\/acje.asso.dz\/wp-content\/uploads\/2023\/10\/IMG_5884-scaled.jpg\" alt=\"\"\/><\/figure><\/div><div><figure class=\"algori-image-video-slider-slide-container\"><img decoding=\"async\" src=\"https:\/\/acje.asso.dz\/wp-content\/uploads\/2023\/01\/IMG_8446-scaled.jpg\" alt=\"\"\/><\/figure><\/div><div><figure class=\"algori-image-video-slider-slide-container\"><img decoding=\"async\" src=\"https:\/\/acje.asso.dz\/wp-content\/uploads\/2023\/01\/poules-23-scaled.jpg\" alt=\"\"\/><\/figure><\/div><div><figure class=\"algori-image-video-slider-slide-container\"><img decoding=\"async\" src=\"https:\/\/acje.asso.dz\/wp-content\/uploads\/2023\/10\/IMG-20231010-WA0009.jpg\" alt=\"\"\/><\/figure><\/div><\/div>\n\n\n\n<h2 class=\"wp-block-heading has-accent-color has-text-color\">La production<\/h2>\n\n\n\n<div class=\"wp-block-algori-image-video-slider-block-algori-image-video-slider dots-style-1-off-slide arrows-style-1-off-slide\" data-slick=\"{&quot;dots&quot;:true,&quot;arrows&quot;:true,&quot;autoplay&quot;:false,&quot;pauseOnFocus&quot;:false,&quot;rtl&quot;:false,&quot;vertical&quot;:false,&quot;fade&quot;:false,&quot;lazyLoad&quot;:false,&quot;centerMode&quot;:false,&quot;infinite&quot;:true,&quot;adaptiveHeight&quot;:true,&quot;speed&quot;:500,&quot;autoplaySpeed&quot;:3000,&quot;slidesToShow&quot;:1,&quot;slidesToScroll&quot;:1,&quot;rows&quot;:1,&quot;slidesPerRow&quot;:1}\"><div><figure class=\"algori-image-video-slider-slide-container\"><img decoding=\"async\" src=\"https:\/\/acje.asso.dz\/wp-content\/uploads\/2023\/10\/IMG_20230617_134139-scaled.jpg\" alt=\"\"\/><\/figure><\/div><div><figure class=\"algori-image-video-slider-slide-container\"><img decoding=\"async\" src=\"https:\/\/acje.asso.dz\/wp-content\/uploads\/2023\/10\/IMG20230617100230-scaled.jpg\" alt=\"\"\/><\/figure><\/div><div><figure class=\"algori-image-video-slider-slide-container\"><img decoding=\"async\" src=\"https:\/\/acje.asso.dz\/wp-content\/uploads\/2023\/10\/IMG20230613085124-scaled.jpg\" alt=\"\"\/><\/figure><\/div><div><figure class=\"algori-image-video-slider-slide-container\"><img decoding=\"async\" src=\"https:\/\/acje.asso.dz\/wp-content\/uploads\/2023\/10\/IMG20230615082436-scaled.jpg\" alt=\"\"\/><\/figure><\/div><div><figure class=\"algori-image-video-slider-slide-container\"><img decoding=\"async\" src=\"https:\/\/acje.asso.dz\/wp-content\/uploads\/2023\/10\/IMG20231017095206-scaled.jpg\" alt=\"\"\/><\/figure><\/div><div><figure class=\"algori-image-video-slider-slide-container\"><img decoding=\"async\" src=\"https:\/\/acje.asso.dz\/wp-content\/uploads\/2023\/10\/IMG_20230530_131354-scaled.jpg\" alt=\"\"\/><\/figure><\/div><div><figure class=\"algori-image-video-slider-slide-container\"><img decoding=\"async\" src=\"https:\/\/acje.asso.dz\/wp-content\/uploads\/2023\/10\/IMG_20230530_131500-scaled.jpg\" alt=\"\"\/><\/figure><\/div><div><figure class=\"algori-image-video-slider-slide-container\"><img decoding=\"async\" src=\"https:\/\/acje.asso.dz\/wp-content\/uploads\/2023\/10\/IMG_20230607_110542-scaled.jpg\" alt=\"\"\/><\/figure><\/div><div><figure class=\"algori-image-video-slider-slide-container\"><img decoding=\"async\" src=\"https:\/\/acje.asso.dz\/wp-content\/uploads\/2023\/10\/IMG_20230617_134208-scaled.jpg\" alt=\"\"\/><\/figure><\/div><div><figure class=\"algori-image-video-slider-slide-container\"><img decoding=\"async\" src=\"https:\/\/acje.asso.dz\/wp-content\/uploads\/2023\/10\/IMG_20231018_072931-scaled.jpg\" alt=\"\"\/><\/figure><\/div><div><figure class=\"algori-image-video-slider-slide-container\"><img decoding=\"async\" src=\"https:\/\/acje.asso.dz\/wp-content\/uploads\/2023\/10\/IMG20230613085120-scaled.jpg\" alt=\"\"\/><\/figure><\/div><div><figure class=\"algori-image-video-slider-slide-container\"><img decoding=\"async\" src=\"https:\/\/acje.asso.dz\/wp-content\/uploads\/2023\/10\/IMG20230613085132-scaled.jpg\" alt=\"\"\/><\/figure><\/div><div><figure class=\"algori-image-video-slider-slide-container\"><img decoding=\"async\" src=\"https:\/\/acje.asso.dz\/wp-content\/uploads\/2023\/10\/IMG20230615082431-scaled.jpg\" alt=\"\"\/><\/figure><\/div><div><figure class=\"algori-image-video-slider-slide-container\"><img decoding=\"async\" src=\"https:\/\/acje.asso.dz\/wp-content\/uploads\/2023\/10\/IMG20230617100230-1-scaled.jpg\" alt=\"\"\/><\/figure><\/div><div><figure class=\"algori-image-video-slider-slide-container\"><img decoding=\"async\" src=\"https:\/\/acje.asso.dz\/wp-content\/uploads\/2023\/10\/IMG20230617100232-scaled.jpg\" alt=\"\"\/><\/figure><\/div><div><figure class=\"algori-image-video-slider-slide-container\"><img decoding=\"async\" src=\"https:\/\/acje.asso.dz\/wp-content\/uploads\/2023\/10\/IMG20230625111129-scaled.jpg\" alt=\"\"\/><\/figure><\/div><div><figure class=\"algori-image-video-slider-slide-container\"><img decoding=\"async\" src=\"https:\/\/acje.asso.dz\/wp-content\/uploads\/2023\/10\/IMG20230625111135-scaled.jpg\" alt=\"\"\/><\/figure><\/div><div><figure class=\"algori-image-video-slider-slide-container\"><img decoding=\"async\" src=\"https:\/\/acje.asso.dz\/wp-content\/uploads\/2023\/10\/IMG20230625111137-scaled.jpg\" alt=\"\"\/><\/figure><\/div><div><figure class=\"algori-image-video-slider-slide-container\"><img decoding=\"async\" src=\"https:\/\/acje.asso.dz\/wp-content\/uploads\/2023\/10\/IMG20230625111143-scaled.jpg\" alt=\"\"\/><\/figure><\/div><div><figure class=\"algori-image-video-slider-slide-container\"><img decoding=\"async\" src=\"https:\/\/acje.asso.dz\/wp-content\/uploads\/2023\/10\/IMG20230701060148-scaled.jpg\" alt=\"\"\/><\/figure><\/div><div><figure class=\"algori-image-video-slider-slide-container\"><img decoding=\"async\" src=\"https:\/\/acje.asso.dz\/wp-content\/uploads\/2023\/10\/IMG20230707075130-scaled.jpg\" alt=\"\"\/><\/figure><\/div><div><figure class=\"algori-image-video-slider-slide-container\"><img decoding=\"async\" src=\"https:\/\/acje.asso.dz\/wp-content\/uploads\/2023\/10\/IMG20230707085654-scaled.jpg\" alt=\"\"\/><\/figure><\/div><div><figure class=\"algori-image-video-slider-slide-container\"><img decoding=\"async\" src=\"https:\/\/acje.asso.dz\/wp-content\/uploads\/2023\/10\/IMG20230707085658-scaled.jpg\" alt=\"\"\/><\/figure><\/div><div><figure class=\"algori-image-video-slider-slide-container\"><img decoding=\"async\" src=\"https:\/\/acje.asso.dz\/wp-content\/uploads\/2023\/10\/IMG20230718195324-scaled.jpg\" alt=\"\"\/><\/figure><\/div><div><figure class=\"algori-image-video-slider-slide-container\"><img decoding=\"async\" src=\"https:\/\/acje.asso.dz\/wp-content\/uploads\/2023\/10\/IMG20230718195344-scaled.jpg\" alt=\"\"\/><\/figure><\/div><div><figure class=\"algori-image-video-slider-slide-container\"><img decoding=\"async\" src=\"https:\/\/acje.asso.dz\/wp-content\/uploads\/2023\/10\/IMG20230718195443-scaled.jpg\" alt=\"\"\/><\/figure><\/div><div><figure class=\"algori-image-video-slider-slide-container\"><img decoding=\"async\" src=\"https:\/\/acje.asso.dz\/wp-content\/uploads\/2023\/10\/IMG20230726194016-scaled.jpg\" alt=\"\"\/><\/figure><\/div><div><figure class=\"algori-image-video-slider-slide-container\"><img decoding=\"async\" src=\"https:\/\/acje.asso.dz\/wp-content\/uploads\/2023\/10\/IMG20230913175107-scaled.jpg\" alt=\"\"\/><\/figure><\/div><div><figure class=\"algori-image-video-slider-slide-container\"><img decoding=\"async\" src=\"https:\/\/acje.asso.dz\/wp-content\/uploads\/2023\/10\/IMG20230913182739-scaled.jpg\" alt=\"\"\/><\/figure><\/div><div><figure class=\"algori-image-video-slider-slide-container\"><img decoding=\"async\" src=\"https:\/\/acje.asso.dz\/wp-content\/uploads\/2023\/10\/IMG20230913184908-scaled.jpg\" alt=\"\"\/><\/figure><\/div><div><figure class=\"algori-image-video-slider-slide-container\"><img decoding=\"async\" src=\"https:\/\/acje.asso.dz\/wp-content\/uploads\/2023\/10\/IMG20230913184914-scaled.jpg\" alt=\"\"\/><\/figure><\/div><div><figure class=\"algori-image-video-slider-slide-container\"><img decoding=\"async\" src=\"https:\/\/acje.asso.dz\/wp-content\/uploads\/2023\/10\/IMG20231005100328-scaled.jpg\" alt=\"\"\/><\/figure><\/div><div><figure class=\"algori-image-video-slider-slide-container\"><img decoding=\"async\" src=\"https:\/\/acje.asso.dz\/wp-content\/uploads\/2023\/10\/IMG20231005102030-scaled.jpg\" alt=\"\"\/><\/figure><\/div><div><figure class=\"algori-image-video-slider-slide-container\"><img decoding=\"async\" src=\"https:\/\/acje.asso.dz\/wp-content\/uploads\/2023\/10\/IMG20231017095206-1-scaled.jpg\" alt=\"\"\/><\/figure><\/div><\/div>\n","protected":false},"excerpt":{"rendered":"<p>La ferme exp\u00e9rimentale agro\u00e9cologique est un lieu o\u00f9 l&rsquo;on pratique l&rsquo;agriculture en utilisant des m\u00e9thodes respectueuses de l&rsquo; environnement et de la biodiversit\u00e9. Elle vise \u00e0 cr\u00e9er un \u00e9cosyst\u00e8me agricole durable en favorisant la diversit\u00e9 des cultures, en utilisant des pratiques de conservation des sols et en \u00e9vitant l&rsquo;utilisation de produits chimiques. En plus d&rsquo;\u00eatre [&hellip;]<\/p>\n","protected":false},"author":1,"featured_media":0,"parent":0,"menu_order":9,"comment_status":"closed","ping_status":"closed","template":"","meta":{"footnotes":""},"_links":{"self":[{"href":"https:\/\/acje.asso.dz\/index.php\/wp-json\/wp\/v2\/pages\/455"}],"collection":[{"href":"https:\/\/acje.asso.dz\/index.php\/wp-json\/wp\/v2\/pages"}],"about":[{"href":"https:\/\/acje.asso.dz\/index.php\/wp-json\/wp\/v2\/types\/page"}],"author":[{"embeddable":true,"href":"https:\/\/acje.asso.dz\/index.php\/wp-json\/wp\/v2\/users\/1"}],"replies":[{"embeddable":true,"href":"https:\/\/acje.asso.dz\/index.php\/wp-json\/wp\/v2\/comments?post=455"}],"version-history":[{"count":8,"href":"https:\/\/acje.asso.dz\/index.php\/wp-json\/wp\/v2\/pages\/455\/revisions"}],"predecessor-version":[{"id":522,"href":"https:\/\/acje.asso.dz\/index.php\/wp-json\/wp\/v2\/pages\/455\/revisions\/522"}],"wp:attachment":[{"href":"https:\/\/acje.asso.dz\/index.php\/wp-json\/wp\/v2\/media?parent=455"}],"curies":[{"name":"wp","href":"https:\/\/api.w.org\/{rel}","templated":true}]}}